{"id":196,"date":"2025-11-07T10:33:16","date_gmt":"2025-11-07T09:33:16","guid":{"rendered":"https:\/\/www.skrovan.sk\/?page_id=196"},"modified":"2026-02-08T20:16:46","modified_gmt":"2026-02-08T19:16:46","slug":"odmena-advokata","status":"publish","type":"page","link":"https:\/\/www.skrovan.sk\/en\/odmena-advokata\/","title":{"rendered":"Odmena advok\u00e1ta"},"content":{"rendered":"<div class=\"et_pb_section_0 et_pb_section et_section_regular et_block_section\">\n<div class=\"et_pb_row_0 et_pb_row et_block_row\">\n<div class=\"et_pb_column_0 et_pb_column et_pb_column_4_4 et-last-child et_block_column et_pb_css_mix_blend_mode_passthrough\">\n<div class=\"et_pb_text_0 et_pb_text et_pb_bg_layout_light et_pb_module et_block_module\"><div class=\"et_pb_text_inner\"><h1 style=\"text-align: center;\">Odmena advok\u00e1ta<\/h1>\n<\/div><\/div>\n<\/div>\n<\/div>\n<\/div>\n\n<div class=\"et_pb_section_1 et_pb_section et_section_regular et_block_section\">\n<div class=\"et_pb_row_1 et_pb_row et_block_row\">\n<div class=\"et_pb_column_1 et_pb_column et_pb_column_4_4 et-last-child et_block_column et_pb_css_mix_blend_mode_passthrough\">\n<div class=\"et_pb_text_1 et_pb_text et_pb_bg_layout_light et_pb_module et_block_module\"><div class=\"et_pb_text_inner\"><p>Advok\u00e1tska kancel\u00e1ria poskytuje pr\u00e1vne slu\u017eby za odmenu a m\u00e1 pr\u00e1vo po\u017eadova\u0165 za ne primeran\u00fd preddavok. Cenu pr\u00e1vnych slu\u017eieb stanovujeme otvorene, zrozumite\u013ene a s d\u00f4razom na f\u00e9rovos\u0165 vo\u010di klientovi. Klient je pred poskytnut\u00edm slu\u017eby transparentne informovan\u00fd o\u00a0v\u00fd\u0161ke odmeny za poskytnutie pr\u00e1vnych slu\u017eieb.<\/p>\n<p>Odmena advok\u00e1ta sa ur\u010duje na z\u00e1klade dohody medzi advok\u00e1tskou kancel\u00e1riou a klientom; ak ned\u00f4jde k dohode, patr\u00ed advok\u00e1tskej kancel\u00e1rii tarifn\u00e1 odmena. Relevantn\u00fdmi pr\u00e1vnymi predpismi upravuj\u00facimi odmenu s\u00fa z\u00e1kon \u010d. 586\/2003 Z. z. o advok\u00e1cii a o zmene a doplnen\u00ed z\u00e1kona \u010d. 455\/1991 Zb. o \u017eivnostenskom podnikan\u00ed (\u017eivnostensk\u00fd z\u00e1kon) v znen\u00ed neskor\u0161\u00edch predpisov (\u010falej len \u201e<strong>Z\u00e1kon o\u00a0advok\u00e1cii<\/strong>\u201c) a\u00a0vyhl\u00e1\u0161ka Ministerstva spravodlivosti SR \u010d. 655\/2004 Z. z. o odmen\u00e1ch a n\u00e1hrad\u00e1ch advok\u00e1tov za poskytovanie pr\u00e1vnych slu\u017eieb (\u010falej len \u201e<strong>Vyhl\u00e1\u0161ka<\/strong>\u201c).<\/p>\n<p>Ka\u017ed\u00fd klient a jeho pr\u00e1vna situ\u00e1cia s\u00fa jedine\u010dn\u00e9. Odli\u0161uj\u00fa sa najm\u00e4 okolnos\u0165ami pr\u00edpadu, jeho \u010dasovou a odbornou n\u00e1ro\u010dnos\u0165ou, mierou rizika \u010di naliehavos\u0165ou rie\u0161enia. Z tohto d\u00f4vodu nie je mo\u017en\u00e9 ur\u010di\u0165 jednotn\u00fa v\u00fd\u0161ku odmeny pre v\u0161etky pr\u00edpady.<\/p>\n<p>Odmenu preto stanovujeme individu\u00e1lne, v\u017edy s prihliadnut\u00edm na povahu a zlo\u017eitos\u0165 veci, aby primerane odr\u00e1\u017eala rozsah a hodnotu poskytovan\u00fdch slu\u017eieb. Cenov\u00fa ponuku, ktor\u00e1 m\u00e1 nez\u00e1v\u00e4zn\u00fd charakter, V\u00e1m poskytneme na z\u00e1klade z\u00e1kladn\u00e9ho popisu pr\u00edpadu a po\u017eiadaviek klienta. Na\u0161\u00edm cie\u013eom je dosiahnu\u0165 f\u00e9rov\u00e9 a obojstranne v\u00fdhodn\u00e9 nastavenie spolupr\u00e1ce.<\/p>\n<p>Zmluvn\u00fa odmenu mo\u017eno ur\u010di\u0165 jedn\u00fdm z\u00a0nasledovn\u00fdch sp\u00f4sobov:<\/p>\n<p><strong><\/strong><strong>a) Hodinov\u00e1 odmena<\/strong>;<br \/><strong><\/strong><strong>b) Pau\u0161\u00e1lna odmena<\/strong>;<br \/><strong><\/strong><strong>c) Podielov\u00e1 odmena<\/strong>;<br \/><strong><\/strong><strong>d) Tarifn\u00e1 odmena<\/strong>.<\/p>\n<p>Vy\u0161\u0161ie uveden\u00e9 sp\u00f4soby ur\u010denia zmluvnej odmeny m\u00f4\u017eu by\u0165 kombinovan\u00e9.<a name=\"_Toc212127266\"><\/a><strong><\/strong><\/p>\n<p>&nbsp;<\/p>\n<\/div><\/div>\n\n<div class=\"et_pb_text_2 et_pb_text et_pb_bg_layout_light et_pb_module et_block_module\"><div class=\"et_pb_text_inner\"><p><strong>1. <\/strong><strong>Hodinov\u00e1 odmena<\/strong><\/p>\n<p>Hodinov\u00e1 odmena sa ur\u010duje s\u00fa\u010dinom po\u010dtu hod\u00edn \u00fa\u010delne vynalo\u017een\u00fdch na vybavenie veci a hodinovej sadzby.<\/p>\n<p>Hodinov\u00e1 odmena sa m\u00f4\u017ee dohodn\u00fa\u0165 ur\u010den\u00edm po\u010dtu hod\u00edn potrebn\u00fdch na poskytnutie pr\u00e1vnej slu\u017eby a v\u00fd\u0161ky hodinovej sadzby. Pri poskytovan\u00ed jednoduchej pr\u00e1vnej slu\u017eby m\u00f4\u017ee advok\u00e1t s klientom dohodn\u00fa\u0165 hodinov\u00fa odmenu delen\u00fa na za\u010dat\u00e9 \u0161tvr\u0165hodiny.<\/p>\n<p>Advok\u00e1tska kancel\u00e1ria pri vy\u00fa\u010dtovan\u00ed predlo\u017e\u00ed klientovi na jeho \u017eiados\u0165 \u010dasov\u00fa \u0161pecifik\u00e1ciu vykonanej pr\u00e1ce.<\/p>\n<p><a name=\"_Toc212127267\"><\/a><strong>2. <\/strong><strong>Pau\u0161\u00e1lna odmena<\/strong><\/p>\n<p>Zmluvn\u00fa odmenu mo\u017eno dohodn\u00fa\u0165 pau\u0161\u00e1lnou sumou:<\/p>\n<p><strong><\/strong>a) za poskytovanie pr\u00e1vnych slu\u017eieb v ur\u010ditom \u010dasovom obdob\u00ed alebo na neur\u010dit\u00fd \u010das;<br \/><strong><\/strong>b) za \u00fapln\u00e9 vybavenie veci alebo s\u00faboru vec\u00ed.<\/p>\n<p>Ak advok\u00e1tska kancel\u00e1ria neposkytuje pr\u00e1vne slu\u017eby a\u017e do \u00fapln\u00e9ho vybavenia veci alebo s\u00faboru vec\u00ed alebo ak ich neposkytuje za cel\u00e9 dohodnut\u00e9 obdobie, patr\u00ed jej pomern\u00e1 \u010das\u0165 dohodnutej pau\u0161\u00e1lnej odmeny; ak je pau\u0161\u00e1lna odmena dojednan\u00e1 pod\u013ea p\u00edsm. b), advok\u00e1tska kancel\u00e1ria predlo\u017e\u00ed na \u017eiados\u0165 klienta pri vy\u00fa\u010dtovan\u00ed \u0161pecifik\u00e1ciu vykonanej pr\u00e1ce.<\/p>\n<p><a name=\"_Toc212127268\"><\/a><strong>3. <\/strong><strong>Podielov\u00e1 odmena<\/strong><\/p>\n<p>Odmenu mo\u017eno dohodn\u00fa\u0165 vo forme percentu\u00e1lneho podielu na hodnote veci. Maxim\u00e1lna v\u00fd\u0161ka dohodnutej podielovej odmeny nesmie presiahnu\u0165 20% (dvadsa\u0165 percent) hodnoty veci.<\/p>\n<p>Advok\u00e1tska kancel\u00e1ria m\u00e1 pr\u00e1vo na dohodnut\u00fa podielov\u00fa odmenu len za predpokladu, \u017ee klient, s ktor\u00fdm sa dohodla na poskytnut\u00ed pr\u00e1vnych slu\u017eieb za t\u00fato odmenu, mal pln\u00fd \u00faspech vo veci.<\/p>\n<p>Ak skon\u010d\u00ed predmetn\u00e9 konanie, na ktor\u00e9 sa podielov\u00e1 odmena vz\u0165ahuje, len \u010diasto\u010dn\u00fdm \u00faspechom klienta, advok\u00e1tska kancel\u00e1ria m\u00e1 pr\u00e1vo na tarifn\u00fa odmenu vo v\u00fd\u0161ke ur\u010denej pod\u013ea miery \u00faspechu vo veci.<\/p>\n<p>Ak nemal klient ani \u010diasto\u010dn\u00fd \u00faspech vo veci, advok\u00e1tska kancel\u00e1ria m\u00e1 pr\u00e1vo po\u017eadova\u0165 od klienta iba n\u00e1hradu hotov\u00fdch v\u00fddavkov.<\/p>\n<p>Ak sa advok\u00e1tska kancel\u00e1ria s klientom nedohodn\u00fa inak, m\u00e1 advok\u00e1tska kancel\u00e1ria v pr\u00edpade skon\u010denia zmluvy o poskytovan\u00ed pr\u00e1vnych slu\u017eieb pred vybaven\u00edm veci pr\u00e1vo na tarifn\u00fa odmenu.<\/p>\n<p><strong>4. <\/strong><strong>Tarifn\u00e1 odmena ur\u010den\u00e1 dohodou<\/strong><\/p>\n<p>O tarifn\u00fa odmenu dohodnut\u00fa medzi advok\u00e1tskou kancel\u00e1riou a klientom p\u00f4jde vtedy, ak bola dohodnut\u00e1 inak ako z\u00e1kladnou sadzbou tarifnej odmeny v zmysle ust. \u00a7 9 a\u017e 14 Vyhl\u00e1\u0161ky.<\/p>\n<\/div><\/div>\n\n<div class=\"et_pb_text_3 et_pb_text et_pb_bg_layout_light et_pb_module et_block_module\"><div class=\"et_pb_text_inner\"><p>Pokia\u013e v\u00fd\u0161ka odmeny nie je dohodnut\u00e1 medzi advok\u00e1tskou kancel\u00e1riou a klientom zmluvne, na ur\u010denie odmeny advok\u00e1tskej kancel\u00e1rie sa pou\u017eij\u00fa ust. \u00a7 9 a\u017e 14 Vyhl\u00e1\u0161ky. Vyhl\u00e1\u0161ka upravuje sp\u00f4sob ur\u010denia a v\u00fd\u0161ku odmeny, n\u00e1hrady hotov\u00fdch v\u00fddavkov a n\u00e1hrady za stratu \u010dasu advok\u00e1tskej kancel\u00e1rie za pr\u00e1vne slu\u017eby poskytovan\u00e9 klientom. V s\u00falade s Vyhl\u00e1\u0161kou sa z\u00e1kladn\u00e1 sadzba tarifnej odmeny sa stanov\u00ed pod\u013ea tarifnej hodnoty veci alebo druhu veci, alebo pr\u00e1va a pod\u013ea po\u010dtu \u00fakonov pr\u00e1vnej slu\u017eby, ktor\u00e9 advok\u00e1tska kancel\u00e1ria vo veci vykonala. Z\u00e1kladn\u00e1 sadzba tarifnej odmeny sa m\u00f4\u017ee zn\u00ed\u017ei\u0165 alebo zv\u00fd\u0161i\u0165 v pr\u00edpadoch uveden\u00fdch vo Vyhl\u00e1\u0161ke.<\/p>\n<p>Advok\u00e1tska kancel\u00e1ria m\u00e1 popri n\u00e1roku na odmenu n\u00e1rok aj na n\u00e1hradu hotov\u00fdch v\u00fddavkov a na n\u00e1hradu za stratu \u010dasu. Za hotov\u00e9 v\u00fddavky sa pova\u017euj\u00fa v\u00fddavky \u00fa\u010delne a preuk\u00e1zate\u013ene vynalo\u017een\u00e9 v s\u00favislosti s poskytovan\u00edm pr\u00e1vnych slu\u017eieb, najm\u00e4 s\u00fadne a in\u00e9 poplatky, cestovn\u00e9 a telekomunika\u010dn\u00e9 v\u00fddavky a v\u00fddavky za znaleck\u00e9 posudky, preklady, odpisy alebo v\u00fdpisy z verejn\u00fdch registrov.<\/p>\n<p>Advok\u00e1tska kancel\u00e1ria m\u00f4\u017ee poskytn\u00fa\u0165 pr\u00e1vne slu\u017eby za zn\u00ed\u017een\u00fa odmenu alebo bezplatne, ak to od\u00f4vod\u0148uj\u00fa osobn\u00e9 pomery alebo majetkov\u00e9 pomery klienta alebo je na to in\u00fd d\u00f4vod hodn\u00fd osobitn\u00e9ho zrete\u013ea.<\/p>\n<p>Advok\u00e1tska kancel\u00e1ria nem\u00f4\u017ee po\u017eadova\u0165 ani prija\u0165 od klienta odmenu za pr\u00e1vne slu\u017eby, ktor\u00fa jej uhrad\u00ed \u0161t\u00e1t pod\u013ea ust. \u00a7 25 Z\u00e1kona o\u00a0advok\u00e1cii.<\/p>\n<p>Advok\u00e1tska kancel\u00e1ria nem\u00f4\u017ee po\u017eadova\u0165 ani prija\u0165 odmenu od klienta za pr\u00e1vne slu\u017eby v konan\u00ed pred s\u00fadom, ak pod\u013ea rozhodnutia s\u00fadu nebola priznan\u00e1 n\u00e1hrada trov konania klientovi z d\u00f4vodu, \u017ee slu\u017eby neboli poskytnut\u00e9 s odbornou starostlivos\u0165ou; v pr\u00edpade, ak bola z tohto d\u00f4vodu rozhodnut\u00edm s\u00fadu n\u00e1hrada trov zn\u00ed\u017een\u00e1, nem\u00f4\u017ee advok\u00e1tska kancel\u00e1ria po\u017eadova\u0165 a prija\u0165 odmenu od klienta za pr\u00e1vne slu\u017eby v rozsahu tak\u00e9hoto zn\u00ed\u017eenia. To plat\u00ed aj v pr\u00edpade, ak advok\u00e1tska kancel\u00e1ria nevykonala \u00fakon potrebn\u00fd k priznaniu n\u00e1hrady trov konania.<\/p>\n<p>Ak osobitn\u00fd z\u00e1kon neustanovuje inak, odmenu advok\u00e1tovi ustanoven\u00e9mu alebo ur\u010den\u00e9mu z \u00faradnej moci uhrad\u00ed \u0161t\u00e1t.<\/p>\n<p><span>D\u00e1tum zverejnenia a \u00fa\u010dinnosti v tomto znen\u00ed: 08.02.2026<\/span><\/p>\n<\/div><\/div>\n<\/div>\n<\/div>\n<\/div>","protected":false},"excerpt":{"rendered":"","protected":false},"author":2,"featured_media":0,"parent":0,"menu_order":0,"comment_status":"closed","ping_status":"closed","template":"","meta":{"iawp_total_views":53,"footnotes":""},"class_list":["post-196","page","type-page","status-publish","hentry"],"_links":{"self":[{"href":"https:\/\/www.skrovan.sk\/en\/wp-json\/wp\/v2\/pages\/196","targetHints":{"allow":["GET"]}}],"collection":[{"href":"https:\/\/www.skrovan.sk\/en\/wp-json\/wp\/v2\/pages"}],"about":[{"href":"https:\/\/www.skrovan.sk\/en\/wp-json\/wp\/v2\/types\/page"}],"author":[{"embeddable":true,"href":"https:\/\/www.skrovan.sk\/en\/wp-json\/wp\/v2\/users\/2"}],"replies":[{"embeddable":true,"href":"https:\/\/www.skrovan.sk\/en\/wp-json\/wp\/v2\/comments?post=196"}],"version-history":[{"count":12,"href":"https:\/\/www.skrovan.sk\/en\/wp-json\/wp\/v2\/pages\/196\/revisions"}],"predecessor-version":[{"id":776,"href":"https:\/\/www.skrovan.sk\/en\/wp-json\/wp\/v2\/pages\/196\/revisions\/776"}],"wp:attachment":[{"href":"https:\/\/www.skrovan.sk\/en\/wp-json\/wp\/v2\/media?parent=196"}],"curies":[{"name":"wp","href":"https:\/\/api.w.org\/{rel}","templated":true}]}}