{"id":33,"date":"2025-11-04T12:15:51","date_gmt":"2025-11-04T11:15:51","guid":{"rendered":"https:\/\/www.skrovan.sk\/?page_id=33"},"modified":"2026-03-31T17:35:24","modified_gmt":"2026-03-31T15:35:24","slug":"faq","status":"publish","type":"page","link":"https:\/\/www.skrovan.sk\/en\/faq\/","title":{"rendered":"FAQ"},"content":{"rendered":"<div class=\"et_pb_section_0 et_pb_section et_section_regular et_block_section\">\n<div class=\"et_pb_row_0 et_pb_row et_block_row\">\n<div class=\"et_pb_column_0 et_pb_column et_pb_column_4_4 et-last-child et_block_column et_pb_css_mix_blend_mode_passthrough\">\n<div class=\"et_pb_text_0 et_pb_text et_pb_bg_layout_light et_pb_module et_block_module\"><div class=\"et_pb_text_inner\"><h1 style=\"text-align: center;\">\u010casto kladen\u00e9 ot\u00e1zky (FAQ)<\/h1>\n<\/div><\/div>\n\n<div class=\"et_pb_text_1 et_pb_text et_pb_bg_layout_light et_pb_module et_block_module\"><div class=\"et_pb_text_inner\" data-et-mv-hidden-tablet=\"true\" data-et-mv-hidden-phone=\"true\"><p style=\"text-align: center;\">Tu z\u00edskate r\u00fdchle odpovede na naj\u010dastej\u0161ie ot\u00e1zky o pr\u00e1vnych slu\u017eb\u00e1ch,<br \/>\nspolupr\u00e1ci a rie\u0161en\u00ed va\u0161ej situ\u00e1cie.<\/p>\n<\/div><\/div>\n<\/div>\n<\/div>\n<\/div>\n\n<div class=\"et_pb_section_1 et_pb_section et_section_regular et_block_section\">\n<div class=\"et_pb_row_1 et_pb_row et_block_row\">\n<div class=\"et_pb_column_1 et_pb_column et_pb_column_4_4 et-last-child et_block_column et_pb_css_mix_blend_mode_passthrough\">\n<div class=\"et_pb_text_2 et_pb_text et_pb_bg_layout_light et_pb_module et_block_module\"><div class=\"et_pb_text_inner\"><p style=\"text-align: left;\">Pre zobrazenie odpovede kliknite na ot\u00e1zku<\/p>\n<\/div><\/div>\n\n<div class=\"et_pb_divider_0 et_pb_divider et_pb_space et_pb_divider_position_top et_pb_module\"><div class=\"et_pb_divider_internal\"><\/div><\/div>\n<\/div>\n<\/div>\n\n<div class=\"et_pb_row_2 et_pb_row et_block_row\">\n<div class=\"et_pb_column_2 et_pb_column et_pb_column_1_2 et_block_column et_pb_css_mix_blend_mode_passthrough\">\n<div class=\"et_pb_toggle_0 et_pb_toggle et_pb_toggle_item et_pb_toggle_close et_pb_module et_block_module\"><h5 class=\"et_pb_toggle_title\">Je odoslanie kontaktn\u00e9ho formul\u00e1ra spoplatnen\u00e9?<\/h5><div class=\"et_pb_toggle_content clearfix\"><p>Nie. Samotn\u00e9 odoslanie kontaktn\u00e9ho formul\u00e1ra je nez\u00e1v\u00e4zn\u00e9 a bezplatn\u00e9. Sta\u010d\u00ed sa predstavi\u0165 a stru\u010dne op\u00edsa\u0165, s \u010d\u00edm potrebujete pom\u00f4c\u0165, a ja sa v\u00e1m ozvem sp\u00e4\u0165. Na z\u00e1klade v\u00e1\u0161ho opisu pos\u00fadim, \u010di ide o ot\u00e1zku, s ktorou v\u00e1m viem pom\u00f4c\u0165, a navrhnem term\u00edn \u00favodnej konzult\u00e1cie.<\/p>\n<\/div><\/div>\n\n<div class=\"et_pb_toggle_1 et_pb_toggle et_pb_toggle_item et_pb_toggle_close et_pb_module et_block_module\"><h5 class=\"et_pb_toggle_title\">Je prv\u00e1 konzult\u00e1cia spoplatnen\u00e1?<\/h5><div class=\"et_pb_toggle_content clearfix\"><p>Prv\u00fdch 30 min\u00fat \u00favodnej konzult\u00e1cie je zadarmo. Po\u010das konzult\u00e1cie spolu prejdeme va\u0161u situ\u00e1ciu a ur\u010d\u00edm najvhodnej\u0161\u00ed postup. Ak sa rozhodnete pre pokra\u010dovanie, odmenu advok\u00e1ta v\u00e1m vopred transparentne ozn\u00e1mim. Viac inform\u00e1ci\u00ed o odmene advok\u00e1ta <a href=\"\/en\/odmena-advokata\/\">TU<\/a>.<\/p>\n<\/div><\/div>\n\n<div class=\"et_pb_toggle_2 et_pb_toggle et_pb_toggle_item et_pb_toggle_close et_pb_module et_block_module\"><h5 class=\"et_pb_toggle_title\">Ako sa ur\u010d\u00ed odmena advok\u00e1ta?<\/h5><div class=\"et_pb_toggle_content clearfix\"><p>Odmena advok\u00e1ta z\u00e1vis\u00ed od povahy pr\u00edpadu,\u00a0\u010dasu potrebn\u00e9ho na jeho pos\u00fadenie a\u00a0\u010fal\u0161\u00edch relevantn\u00fdch okolnost\u00ed. Viac inform\u00e1ci\u00ed o\u00a0odmene advok\u00e1ta <a href=\"\/en\/pravny-dokument\/\">TU<\/a>.<\/p>\n<\/div><\/div>\n\n<div class=\"et_pb_toggle_3 et_pb_toggle et_pb_toggle_item et_pb_toggle_close et_pb_module et_block_module\"><h5 class=\"et_pb_toggle_title\">Ako prebieha prv\u00e9 stretnutie?<\/h5><div class=\"et_pb_toggle_content clearfix\"><p>Najsk\u00f4r sa obozn\u00e1mim s va\u0161\u00edm pr\u00edpadom, objasn\u00edm mo\u017en\u00e9 rie\u0161enia a odporu\u010d\u00edm najvhodnej\u0161\u00ed postup. V\u00a0pr\u00edpade z\u00e1ujmu n\u00e1sledne spolo\u010dne dohodneme \u010fal\u0161ie kroky spolupr\u00e1ce.<\/p>\n<\/div><\/div>\n\n<div class=\"et_pb_toggle_4 et_pb_toggle et_pb_toggle_item et_pb_toggle_close et_pb_module et_block_module\"><h5 class=\"et_pb_toggle_title\">Je mo\u017en\u00e9 konzult\u00e1ciu rie\u0161i\u0165 na dia\u013eku?<\/h5><div class=\"et_pb_toggle_content clearfix\"><p>\u00c1no, vieme sa spoji\u0165 videohovorom, telefonicky alebo e-mailom \u2013 pod\u013ea toho, \u010do v\u00e1m najviac vyhovuje. Viac inform\u00e1ci\u00ed o\u00a0mo\u017enostiach kontaktovania <a href=\"\/en\/kontakt\/\">TU<\/a>.<\/p>\n<\/div><\/div>\n\n<div class=\"et_pb_toggle_5 et_pb_toggle et_pb_toggle_item et_pb_toggle_close et_pb_module et_block_module\"><h5 class=\"et_pb_toggle_title\">M\u00f4\u017eem v\u00e1m posla\u0165 dokumenty e-mailom?<\/h5><div class=\"et_pb_toggle_content clearfix\"><p>Ur\u010dite \u00e1no. Ak m\u00e1te podklady, ktor\u00e9 sa t\u00fdkaj\u00fa v\u00e1\u0161ho pr\u00edpadu, m\u00f4\u017eete ich jednoducho posla\u0165 emailom na adresu <a href=\"mailto:advokat@skrovan.sk\">advokat@skrovan.sk<\/a>. Umo\u017en\u00ed to lep\u0161iu pr\u00edpravu a efekt\u00edvnej\u0161iu anal\u00fdzu va\u0161ej situ\u00e1cie.<\/p>\n<\/div><\/div>\n<\/div>\n\n<div class=\"et_pb_column_3 et_pb_column et_pb_column_1_2 et-last-child et_block_column et_pb_css_mix_blend_mode_passthrough\">\n<div class=\"et_pb_toggle_6 et_pb_toggle et_pb_toggle_item et_pb_toggle_close et_pb_module et_block_module\"><h5 class=\"et_pb_toggle_title\">Ako r\u00fdchlo viem dosta\u0165 pr\u00e1vnu odpove\u010f alebo stanovisko?<\/h5><div class=\"et_pb_toggle_content clearfix\"><p>V pr\u00edpade jednoduch\u00fdch pr\u00e1vnych ot\u00e1zok dostanete odpove\u010f u\u017e po\u010das konzult\u00e1cie. Pri be\u017en\u00fdch pr\u00e1vnych pr\u00edpadoch je term\u00edn spravidla nieko\u013eko pracovn\u00fdch dn\u00ed. Pre urgentn\u00e9 alebo komplexn\u00e9 z\u00e1le\u017eitosti pon\u00fakam aj individu\u00e1lne rie\u0161enia prisp\u00f4soben\u00e9 okolnostiam a potreb\u00e1m klienta.<\/p>\n<\/div><\/div>\n\n<div class=\"et_pb_toggle_7 et_pb_toggle et_pb_toggle_item et_pb_toggle_close et_pb_module et_block_module\"><h5 class=\"et_pb_toggle_title\">Potrebujem sa k v\u00e1m objedna\u0165 vopred?<\/h5><div class=\"et_pb_toggle_content clearfix\"><p>Odpor\u00fa\u010dam dohodn\u00fa\u0165 si term\u00edn pr\u00e1vnej konzult\u00e1cie vopred, aby som sa v\u00e1m mohol plne venova\u0165. V niektor\u00fdch pr\u00edpadoch sa m\u00f4\u017eem nach\u00e1dza\u0165 na pr\u00e1vnom \u00fakone alebo v\u00fdjazde mimo kancel\u00e1rie. Konzult\u00e1ciu si m\u00f4\u017eete jednoducho napl\u00e1nova\u0165 e-mailom, telefonicky alebo prostredn\u00edctvom kontaktn\u00e9ho formul\u00e1ra.<\/p>\n<\/div><\/div>\n\n<div class=\"et_pb_toggle_8 et_pb_toggle et_pb_toggle_item et_pb_toggle_close et_pb_module et_block_module\"><h5 class=\"et_pb_toggle_title\">Pom\u00e1hate aj jednotlivcom, alebo len firm\u00e1m?<\/h5><div class=\"et_pb_toggle_content clearfix\"><p>Kancel\u00e1ria sa prim\u00e1rne zameriava na pr\u00e1vne poradenstvo pre mal\u00e9 a stredn\u00e9 podniky, najm\u00e4 e-shopy a online predajne, no pom\u00e1hame aj jednotlivcom s be\u017en\u00fdmi pr\u00e1vnymi z\u00e1le\u017eitos\u0165ami, ako s\u00fa zmluvy, prevody nehnute\u013enost\u00ed \u010di vym\u00e1hanie poh\u013ead\u00e1vok. Viac inform\u00e1ci\u00ed o\u00a0pr\u00e1vnych slu\u017eb\u00e1ch je k dispoz\u00edcii <a href=\"\/en\/pravne-sluzby\/\">TU<\/a>.<\/p>\n<\/div><\/div>\n\n<div class=\"et_pb_toggle_9 et_pb_toggle et_pb_toggle_item et_pb_toggle_close et_pb_module et_block_module\"><h5 class=\"et_pb_toggle_title\">\u010co ak neviem presne, do akej oblasti m\u00f4j probl\u00e9m spad\u00e1?<\/h5><div class=\"et_pb_toggle_content clearfix\"><p>Nemus\u00edte sa ob\u00e1va\u0165 \u2013 sta\u010d\u00ed mi stru\u010dne pop\u00edsa\u0165 va\u0161u situ\u00e1ciu alebo pr\u00e1vny probl\u00e9m. Pos\u00fadim ju a odporu\u010d\u00edm najvhodnej\u0161\u00ed pr\u00e1vny postup \u010di rie\u0161enie.<\/p>\n<\/div><\/div>\n\n<div class=\"et_pb_toggle_10 et_pb_toggle et_pb_toggle_item et_pb_toggle_close et_pb_module et_block_module\"><h5 class=\"et_pb_toggle_title\">Poskytujete dlhodob\u00e9 pr\u00e1vne poradenstvo na pravidelnej b\u00e1ze?<\/h5><div class=\"et_pb_toggle_content clearfix\"><p>\u00c1no, viem zabezpe\u010di\u0165 kontinu\u00e1lne pr\u00e1vne slu\u017eby formou pau\u0161\u00e1lu. Tento model umo\u017e\u0148uje lep\u0161ie porozumie\u0165 fungovaniu a potreb\u00e1m klienta, v\u010faka \u010domu s\u00fa slu\u017eby efekt\u00edvnej\u0161ie, kvalitnej\u0161ie a cenovo dostupnej\u0161ie.<\/p>\n<\/div><\/div>\n\n<div class=\"et_pb_toggle_11 et_pb_toggle et_pb_toggle_item et_pb_toggle_close et_pb_module et_block_module\"><h5 class=\"et_pb_toggle_title\">Ako chr\u00e1nite d\u00f4vern\u00e9 inform\u00e1cie a osobn\u00e9 \u00fadaje klienta?<\/h5><div class=\"et_pb_toggle_content clearfix\"><p>V\u0161etky inform\u00e1cie, ktor\u00e9 mi klient zver\u00ed, s\u00fa d\u00f4vern\u00e9 a podliehaj\u00fa advok\u00e1tskej ml\u010danlivosti. S\u00fa\u010dasne zabezpe\u010dujem spracovanie osobn\u00fdch \u00fadajov v\u00a0s\u00falade s GDPR, vr\u00e1tane dokumentov, \u00fadajov poskytnut\u00fdch cez web alebo in\u00fdch podkladov. Viac relevantn\u00fdch inform\u00e1ci\u00ed je dostupn\u00fdch <a href=\"\/en\/GDPR\/\">TU<\/a>. \u00a0<\/p>\n<\/div><\/div>\n<\/div>\n<\/div>\n\n<div class=\"et_pb_row_3 et_pb_row et_block_row\">\n<div class=\"et_pb_column_4 et_pb_column et_pb_column_4_4 et-last-child et_block_column et_pb_css_mix_blend_mode_passthrough\">\n<div class=\"et_pb_text_3 et_pb_text et_pb_bg_layout_light et_pb_module et_block_module\"><div class=\"et_pb_text_inner\"><h2 style=\"text-align: center;\">Nena\u0161li ste odpove\u010f na va\u0161u ot\u00e1zku?<\/h2>\n<\/div><\/div>\n<\/div>\n<\/div>\n\n<div class=\"et_pb_row_4 et_pb_row et_block_row\">\n<div class=\"et_pb_column_5 et_pb_column et_pb_column_4_4 et-last-child et_block_column et_pb_css_mix_blend_mode_passthrough\">\n<div class=\"et_pb_text_4 et_pb_text et_pb_bg_layout_light et_pb_module et_block_module\"><div class=\"et_pb_text_inner\"><h4>Z\u00edskajte odpove\u010f na va\u0161u pr\u00e1vnu ot\u00e1zku<\/h4>\n<\/div><\/div>\n\n<div class=\"et_pb_text_5 et_pb_text et_pb_bg_layout_light et_pb_module et_block_module\"><div class=\"et_pb_text_inner\"><p>Ak m\u00e1te pr\u00e1vnu ot\u00e1zku, nev\u00e1hajte ma kontaktova\u0165. Po\u0161lite mi stru\u010dn\u00fd popis va\u0161ej situ\u00e1cie a r\u00e1d v\u00e1m pom\u00f4\u017eem s rie\u0161en\u00edm.<\/p>\n<\/div><\/div>\n\n<div class=\"et_pb_blurb_0 et_pb_blurb et_pb_bg_layout_light et_pb_blurb_position_left et_pb_module et_block_module\"><div class=\"et_pb_blurb_content\"><div class=\"et_pb_main_blurb_image\"><span class=\"et_pb_image_wrap\"><span class=\"et-pb-icon et_animated et_animated\">N<\/span><\/span><\/div><div class=\"et_pb_blurb_container\"><h4 class=\"et_pb_module_header\">Bezplatn\u00e1 30-minutov\u00e1 \u00favodn\u00e1 konzult\u00e1cia<\/h4><\/div><\/div><\/div>\n\n<div class=\"et_pb_blurb_1 et_pb_blurb et_pb_bg_layout_light et_pb_blurb_position_left et_pb_module et_block_module\"><div class=\"et_pb_blurb_content\"><div class=\"et_pb_main_blurb_image\"><span class=\"et_pb_image_wrap\"><span class=\"et-pb-icon et_animated et_animated\">N<\/span><\/span><\/div><div class=\"et_pb_blurb_container\"><h4 class=\"et_pb_module_header\">Nez\u00e1v\u00e4zn\u00fd cenov\u00fd odhad<\/h4><\/div><\/div><\/div>\n\n<div class=\"et_pb_blurb_2 et_pb_blurb et_pb_bg_layout_light et_pb_blurb_position_left et_pb_module et_block_module\"><div class=\"et_pb_blurb_content\"><div class=\"et_pb_main_blurb_image\"><span class=\"et_pb_image_wrap\"><span class=\"et-pb-icon et_animated et_animated\">N<\/span><\/span><\/div><div class=\"et_pb_blurb_container\"><h4 class=\"et_pb_module_header\">Osobn\u00fd pr\u00edstup ku ka\u017ed\u00e9mu klientovi<\/h4><\/div><\/div><\/div>\n\n<div class=\"et_pb_module et_pb_button_module_wrapper et_pb_button_0_wrapper\"><a class=\"et_pb_button_0 et_pb_button et_pb_bg_layout_light et_pb_module et_block_module\" href=\"\/en\/kontakt\/#formular\">Kontaktova\u0165<\/a><\/div>\n<\/div>\n<\/div>\n<\/div>","protected":false},"excerpt":{"rendered":"","protected":false},"author":2,"featured_media":0,"parent":0,"menu_order":0,"comment_status":"closed","ping_status":"closed","template":"","meta":{"iawp_total_views":51,"footnotes":""},"class_list":["post-33","page","type-page","status-publish","hentry"],"_links":{"self":[{"href":"https:\/\/www.skrovan.sk\/en\/wp-json\/wp\/v2\/pages\/33","targetHints":{"allow":["GET"]}}],"collection":[{"href":"https:\/\/www.skrovan.sk\/en\/wp-json\/wp\/v2\/pages"}],"about":[{"href":"https:\/\/www.skrovan.sk\/en\/wp-json\/wp\/v2\/types\/page"}],"author":[{"embeddable":true,"href":"https:\/\/www.skrovan.sk\/en\/wp-json\/wp\/v2\/users\/2"}],"replies":[{"embeddable":true,"href":"https:\/\/www.skrovan.sk\/en\/wp-json\/wp\/v2\/comments?post=33"}],"version-history":[{"count":20,"href":"https:\/\/www.skrovan.sk\/en\/wp-json\/wp\/v2\/pages\/33\/revisions"}],"predecessor-version":[{"id":772,"href":"https:\/\/www.skrovan.sk\/en\/wp-json\/wp\/v2\/pages\/33\/revisions\/772"}],"wp:attachment":[{"href":"https:\/\/www.skrovan.sk\/en\/wp-json\/wp\/v2\/media?parent=33"}],"curies":[{"name":"wp","href":"https:\/\/api.w.org\/{rel}","templated":true}]}}