{"id":551,"date":"2026-02-09T18:52:01","date_gmt":"2026-02-09T17:52:01","guid":{"rendered":"https:\/\/www.skrovan.sk\/?page_id=551"},"modified":"2026-03-13T17:00:23","modified_gmt":"2026-03-13T16:00:23","slug":"blog","status":"publish","type":"page","link":"https:\/\/www.skrovan.sk\/en\/blog\/","title":{"rendered":"Blog"},"content":{"rendered":"<div class=\"et_pb_section_0 et_pb_section et_section_regular et_block_section\">\n<div class=\"et_pb_row_0 et_pb_row et_block_row\">\n<div class=\"et_pb_column_0 et_pb_column et_pb_column_4_4 et-last-child et_block_column et_pb_css_mix_blend_mode_passthrough\">\n<div class=\"et_pb_text_0 et_pb_text et_pb_bg_layout_light et_pb_module et_block_module\"><div class=\"et_pb_text_inner\"><h1 style=\"text-align: center;\">Pr\u00e1vne \u010dl\u00e1nky<\/h1>\n<\/div><\/div>\n\n<div class=\"et_pb_text_1 et_pb_text et_pb_bg_layout_light et_pb_module et_block_module\"><div class=\"et_pb_text_inner\" data-et-mv-hidden-tablet=\"true\"><p style=\"text-align: center;\">Ni\u017e\u0161ie n\u00e1jdete pr\u00e1vne \u010dl\u00e1nky, praktick\u00e9 pr\u00e1vne rady a odpovede na \u010dast\u00e9 pr\u00e1vne ot\u00e1zky. Pom\u00f4\u017eeme v\u00e1m zorientova\u0165 sa v legislat\u00edve, pochopi\u0165 Va\u0161e pr\u00e1va a vyhn\u00fa\u0165 sa zbyto\u010dn\u00fdm pr\u00e1vnym chyb\u00e1m.<\/p>\n<\/div><\/div>\n<\/div>\n<\/div>\n<\/div>\n\n<div class=\"et_pb_section_1 et_pb_section et_section_regular et_block_section\">\n<div class=\"et_pb_row_1 et_pb_row et_block_row\">\n<div class=\"et_pb_column_1 et_pb_column et_pb_column_4_4 et-last-child et_block_column et_pb_css_mix_blend_mode_passthrough\">\n<div class=\"et_pb_blog_0 et_pb_blog et_pb_bg_layout_light et_pb_posts et_pb_module\"><div class=\"et_pb_ajax_pagination_container\"><div class=\"et_pb_posts et_grid_module\"><article class=\"et_pb_post et_pb_post_id_819 clearfix et_pb_blog_item_0_0 post-819 post type-post status-publish format-standard has-post-thumbnail hentry category-zacatie-podnikania-s-r-o\"><div class=\"et_pb_image_container\"><a href=\"https:\/\/www.skrovan.sk\/en\/vyber-sidla-spolocnosti\/\" class=\"entry-featured-image-url\"><img decoding=\"async\" src=\"https:\/\/www.skrovan.sk\/wp-content\/uploads\/2026\/04\/location-symbol-with-landscape-background-scaled.jpg\" width=\"400\" height=\"284\" alt=\"vyber_sidla_spolocnosti\" class=\"\" srcset=\"https:\/\/www.skrovan.sk\/wp-content\/uploads\/2026\/04\/location-symbol-with-landscape-background-scaled.jpg 479w, https:\/\/www.skrovan.sk\/wp-content\/uploads\/2026\/04\/location-symbol-with-landscape-background-400x284.jpg 480w\" sizes=\"(max-width:479px) 479px, 100vw\" \/><span data-icon=\"\ue050\" class=\"et_overlay et_pb_inline_icon\"><\/span><\/a><\/div><h2 class=\"entry-title\"><a href=\"https:\/\/www.skrovan.sk\/en\/vyber-sidla-spolocnosti\/\">V\u00fdber s\u00eddla spolo\u010dnosti<\/a><\/h2><p class=\"post-meta\"><\/p><div class=\"post-content\"><div class=\"post-content-inner\"><p>Ako si vybra\u0165 s\u00eddlo pre Va\u0161u spolo\u010dnos\u0165? Prin\u00e1\u0161ame preh\u013ead mo\u017enost\u00ed, z\u00e1konn\u00fdch podmienok a u\u017eito\u010dn\u00fdch r\u00e1d.<\/p>\n<\/div><\/div><\/article><article class=\"et_pb_post et_pb_post_id_625 clearfix et_pb_blog_item_0_1 post-625 post type-post status-publish format-standard has-post-thumbnail hentry category-zacatie-podnikania-s-r-o\"><div class=\"et_pb_image_container\"><a href=\"https:\/\/www.skrovan.sk\/en\/predmety-podnikania-cinnosti-s-r-o\/\" class=\"entry-featured-image-url\"><img decoding=\"async\" src=\"https:\/\/www.skrovan.sk\/wp-content\/uploads\/2026\/03\/colleagues-giving-high-five-celebrating-good-teamwork-result-top-closeup-view-scaled.jpg\" width=\"400\" height=\"284\" alt=\"colleagues-giving-high-five-celebrating-good-teamwork-result-top-closeup-view\" class=\"\" srcset=\"https:\/\/www.skrovan.sk\/wp-content\/uploads\/2026\/03\/colleagues-giving-high-five-celebrating-good-teamwork-result-top-closeup-view-scaled.jpg 479w, https:\/\/www.skrovan.sk\/wp-content\/uploads\/2026\/03\/colleagues-giving-high-five-celebrating-good-teamwork-result-top-closeup-view-400x284.jpg 480w\" sizes=\"(max-width:479px) 479px, 100vw\" \/><span data-icon=\"\ue050\" class=\"et_overlay et_pb_inline_icon\"><\/span><\/a><\/div><h2 class=\"entry-title\"><a href=\"https:\/\/www.skrovan.sk\/en\/predmety-podnikania-cinnosti-s-r-o\/\">V\u00fdber predmetov podnikania pri zalo\u017een\u00ed s.r.o.<\/a><\/h2><p class=\"post-meta\"><\/p><div class=\"post-content\"><div class=\"post-content-inner\"><p>Ako vybra\u0165 a zap\u00edsa\u0165 predmety podnikania pri zalo\u017een\u00ed s.r.o.? Zistite, ako zvoli\u0165 vhodn\u00e9 \u010dinnosti, z\u00edska\u0165 potrebn\u00e9 opr\u00e1vnenia a na \u010do si da\u0165 pozor&#8230;.<\/p>\n<\/div><\/div><\/article><article class=\"et_pb_post et_pb_post_id_600 clearfix et_pb_blog_item_0_2 post-600 post type-post status-publish format-standard has-post-thumbnail hentry category-zacatie-podnikania-s-r-o\"><div class=\"et_pb_image_container\"><a href=\"https:\/\/www.skrovan.sk\/en\/zalozenie-a-vznik-s-r-o-2026\/\" class=\"entry-featured-image-url\"><img decoding=\"async\" src=\"https:\/\/www.skrovan.sk\/wp-content\/uploads\/2026\/03\/close-up-pen-financial-report-1-scaled.jpg\" width=\"400\" height=\"284\" alt=\"Ilustracia-podnikatelov-pri zakladani-s.r.o.\" class=\"\" srcset=\"https:\/\/www.skrovan.sk\/wp-content\/uploads\/2026\/03\/close-up-pen-financial-report-1-scaled.jpg 479w, https:\/\/www.skrovan.sk\/wp-content\/uploads\/2026\/03\/close-up-pen-financial-report-1-400x284.jpg 480w\" sizes=\"(max-width:479px) 479px, 100vw\" \/><span data-icon=\"\ue050\" class=\"et_overlay et_pb_inline_icon\"><\/span><\/a><\/div><h2 class=\"entry-title\"><a href=\"https:\/\/www.skrovan.sk\/en\/zalozenie-a-vznik-s-r-o-2026\/\">Zalo\u017eenie a\u00a0vznik s.r.o. v roku 2026<\/a><\/h2><p class=\"post-meta\"><\/p><div class=\"post-content\"><div class=\"post-content-inner\"><p>Chyst\u00e1te sa zalo\u017ei\u0165 s.r.o. v roku 2026? Pre\u010d\u00edtajte si \u00favodn\u00e9 inform\u00e1cie o postupe, n\u00e1kladoch a ako V\u00e1m m\u00f4\u017ee na\u0161a advok\u00e1tska kancel\u00e1ria pom\u00f4c\u0165&#8230;.<\/p>\n<\/div><\/div><\/article><\/div><div class=\"pagination clearfix\">\n\t<div class=\"alignleft\"><\/div>\n\t<div class=\"alignright\"><\/div>\n<\/div><\/div><\/div>\n<\/div>\n<\/div>\n<\/div>","protected":false},"excerpt":{"rendered":"","protected":false},"author":2,"featured_media":0,"parent":0,"menu_order":0,"comment_status":"closed","ping_status":"closed","template":"","meta":{"iawp_total_views":126,"footnotes":""},"class_list":["post-551","page","type-page","status-publish","hentry"],"_links":{"self":[{"href":"https:\/\/www.skrovan.sk\/en\/wp-json\/wp\/v2\/pages\/551","targetHints":{"allow":["GET"]}}],"collection":[{"href":"https:\/\/www.skrovan.sk\/en\/wp-json\/wp\/v2\/pages"}],"about":[{"href":"https:\/\/www.skrovan.sk\/en\/wp-json\/wp\/v2\/types\/page"}],"author":[{"embeddable":true,"href":"https:\/\/www.skrovan.sk\/en\/wp-json\/wp\/v2\/users\/2"}],"replies":[{"embeddable":true,"href":"https:\/\/www.skrovan.sk\/en\/wp-json\/wp\/v2\/comments?post=551"}],"version-history":[{"count":10,"href":"https:\/\/www.skrovan.sk\/en\/wp-json\/wp\/v2\/pages\/551\/revisions"}],"predecessor-version":[{"id":783,"href":"https:\/\/www.skrovan.sk\/en\/wp-json\/wp\/v2\/pages\/551\/revisions\/783"}],"wp:attachment":[{"href":"https:\/\/www.skrovan.sk\/en\/wp-json\/wp\/v2\/media?parent=551"}],"curies":[{"name":"wp","href":"https:\/\/api.w.org\/{rel}","templated":true}]}}